{"id":1138,"date":"2022-02-24T17:34:39","date_gmt":"2022-02-24T17:34:39","guid":{"rendered":"https:\/\/www.jeremy-lloyd.co.uk\/?page_id=1138"},"modified":"2026-01-29T13:36:23","modified_gmt":"2026-01-29T13:36:23","slug":"past-events","status":"publish","type":"page","link":"https:\/\/www.jeremy-lloyd.co.uk\/index.php\/past-events\/","title":{"rendered":"Past events"},"content":{"rendered":"\n<h2 class=\"wp-block-heading\">2022<\/h2>\n\n\n\n<p>17th December&nbsp;\u2013 Rochester Cathedral Christmas Concert<\/p>\n\n\n\n<p>19th November \u2013 Accompanying The Rochester Choral Society at Rochester Cathedral to commemorate 150 years since the birth of Ralph Vaughan Williams<\/p>\n\n\n\n<p>31st October \u2013 Conducting the Rochester Cathedral Voluntary Choir for Evensong at St. Paul&#8217;s Cathedral<\/p>\n\n\n\n<p>12th October \u2013 Live streamed organ recital from The Temple Church, London. This can be viewed <a href=\"https:\/\/www.youtube.com\/watch?v=A_ZqYfQJKCU\" target=\"_blank\" rel=\"noreferrer noopener\">here<\/a>.<br><strong>Allegro Vivace <em>from <\/em>Symphony No. 5 (C. M. Widor)<br>Plymouth Suite (Percy Whitlock)<\/strong><\/p>\n\n\n\n<p>24th August \u2013 Organ recital at Rochester Cathedral as part of the 2022 Organ Festival<br><strong>Cort\u00e8ge et Litanie (Marcel Dupr\u00e9)<br>Prelude and Fugue in E major (Camille Saint-Sa\u00ebns)<br>Fantasia and Fugue in G minor BWV 542 (J. S. Bach)<br>St. Alban&#8217;s Triptych (Matthew Martin)<br>Suite Op 5 (Maurice Durufl\u00e9)<\/strong><\/p>\n\n\n\n<p>22nd August&nbsp;\u2013 Organ recital at All Saints, Hastings<br><strong>Pi\u00e8ce d&#8217;Orgue BWV 572 (J. S. Bach)<br>Prelude on Rhosymedre (Vaughan Williams)<br>Prelude and Fugue in E major (Camille Saint-Sa\u00ebns)<br>Sursum Corda (John Ireland)<br>Alla Marcia (John Ireland)<br>Fantasia in F minor KV608 (Mozart)<\/strong><\/p>\n\n\n\n<p><strong>Handel in the Strand (Grainger arr. Stockmeier)<br>Variations on God Save the King (Charles Wesley)<br>Sonata in F (CPE Bach)<br>Claire de Lune (Louis Vierne)<br>Marche Pontificale from Symphony No 1 (C. M. Widor)<\/strong><\/p>\n\n\n\n<p>30th July \u2013 Organ recital at All Saints North Street, York<br><strong>Fantasia and Fugue in G minor BWV 542 (J. S. Bach)<br>Variations on God Save the King (Charles Wesley)<br>Sursum Corda (John Ireland)<br>Alla Marcia (John Ireland)<br>Pr\u00e9ambule, Canzona, Scherzetto <em>and <\/em>Postlude <em>from <\/em>24 Pi\u00e8ces en style libre (Louis Vierne)<\/strong><\/p>\n\n\n\n<p>18th June \u2013 Accompanying the Rochester Choral Society at St. George&#8217;s Maritime Centre, Chatham<br><strong>Coronation Mass (W. A. Mozart)<br>Creation Mass (Haydn)<\/strong><\/p>\n\n\n\n<p>3rd June <em><em>\u2013<\/em> Organ Promenade<\/em> concert at Rochester Cathedral to celebrate the Platinum Jubilee<br><strong>Crown Imperial (William Walton)<br>Variations on God Save the King (Charles Wesley)<br>Hornpipe <em>from <\/em>The Water Music (Handel)<br>Handel in the Strand (Grainger arr. Stockmeier)<br>Concert Fantasia Op 91 (Edwin Lemare)<br>Nimrod <em>from <\/em>Enigma Variations (Edward Elgar)<br>Carnival (Thomas Hewitt Jones)<br>Pomp &amp; Circumstance No 5 (Elgar arr. Farrington)<\/strong><\/p>\n\n\n\n<p>12th March \u2013 Accompanying the Rochester Choral Society in a performance of Handel&#8217;s Messiah at Rochester Cathedral<\/p>\n\n\n\n<p>24th January \u2013 Organ recital at Southwark Cathedral<br><strong>Fanfare Joyeuse (Andrew Carter)<br>Pr\u00e9lude sur l\u2019Introit de l\u2019\u00c9piphanie (Maurice Durufl\u00e9)<br>La Nativit\u00e9 <em>from <\/em>Poemes \u00c9vang\u00e9liqes (Jean Langlais)<br>Impromptu Op 5 (Francis Jackson)<br>No\u00ebl <em>and <\/em>Carillon Sortie (Henri Mulet)<\/strong><\/p>\n","protected":false},"excerpt":{"rendered":"<p>2022 17th December&nbsp;\u2013 Rochester Cathedral Christmas Concert 19th November \u2013 Accompanying The Rochester Choral Society at Rochester Cathedral to commemorate 150 years since the birth&hellip;<\/p>\n","protected":false},"author":2,"featured_media":0,"parent":0,"menu_order":0,"comment_status":"closed","ping_status":"closed","template":"","meta":{"footnotes":""},"class_list":["post-1138","page","type-page","status-publish","hentry"],"_links":{"self":[{"href":"https:\/\/www.jeremy-lloyd.co.uk\/index.php\/wp-json\/wp\/v2\/pages\/1138"}],"collection":[{"href":"https:\/\/www.jeremy-lloyd.co.uk\/index.php\/wp-json\/wp\/v2\/pages"}],"about":[{"href":"https:\/\/www.jeremy-lloyd.co.uk\/index.php\/wp-json\/wp\/v2\/types\/page"}],"author":[{"embeddable":true,"href":"https:\/\/www.jeremy-lloyd.co.uk\/index.php\/wp-json\/wp\/v2\/users\/2"}],"replies":[{"embeddable":true,"href":"https:\/\/www.jeremy-lloyd.co.uk\/index.php\/wp-json\/wp\/v2\/comments?post=1138"}],"version-history":[{"count":19,"href":"https:\/\/www.jeremy-lloyd.co.uk\/index.php\/wp-json\/wp\/v2\/pages\/1138\/revisions"}],"predecessor-version":[{"id":1921,"href":"https:\/\/www.jeremy-lloyd.co.uk\/index.php\/wp-json\/wp\/v2\/pages\/1138\/revisions\/1921"}],"wp:attachment":[{"href":"https:\/\/www.jeremy-lloyd.co.uk\/index.php\/wp-json\/wp\/v2\/media?parent=1138"}],"curies":[{"name":"wp","href":"https:\/\/api.w.org\/{rel}","templated":true}]}}