{"id":1284,"date":"2023-01-15T10:51:54","date_gmt":"2023-01-15T10:51:54","guid":{"rendered":"https:\/\/www.jeremy-lloyd.co.uk\/?page_id=1284"},"modified":"2026-01-29T13:29:50","modified_gmt":"2026-01-29T13:29:50","slug":"past-events-2","status":"publish","type":"page","link":"https:\/\/www.jeremy-lloyd.co.uk\/index.php\/past-events-2\/","title":{"rendered":"Past events"},"content":{"rendered":"\n<h2 class=\"wp-block-heading\">2023<\/h2>\n\n\n\n<p>16th December \u2013 Rochester Cathedral Christmas concert<\/p>\n\n\n\n<p>9th December \u2013 Rochester Choral Society Christmas Concert at St. Margaret&#8217;s, Rochester<\/p>\n\n\n\n<p>8th December \u2013 Kent, Sussex and Surrey Air Ambulance Carol Concert at Rochester Cathedral<\/p>\n\n\n\n<p>6th December \u2013 Christmas Concert for LiveTwice at St. Simon Zelotes, Chelsea<\/p>\n\n\n\n<p>21st November<strong> <\/strong>\u2013 Organ recital at St. George&#8217;s Hanover Square, London<br><strong>Prelude and Fugue in C minor (Felix Mendelssohn)<br>Allein Gott in der H\u00f6h sei Ehr BWV676 (J. S. Bach)<br>Fantaisie in C (C\u00e9sar Franck)<br>Ave Maria Op. 80 (Max Reger)<br>Prelude and Fugue in E-flat Op. 99 (Camille Saint-Sa\u00ebns)<\/strong><\/p>\n\n\n\n<p>18th October<strong> <\/strong>\u2013 Conducting the Rochester Cathedral Voluntary Choir for Evensong at Southwark Cathedral<\/p>\n\n\n\n<p>15th October \u2013 Organ recital at Methodist Central Hall, Westminster <br><strong>Overture to St. Paul (Mendelssohn arr. W. T. Best)<\/strong><br><strong>Larghetto in F-sharp minor (S. S. Wesley)<br>Coronation March (Giacomo Meyerbeer)<br>Impromptu Op. 5 (Francis Jackson)<br>Kenga e Krushqve (James MacMillan)<br>Sonata No. 1 (Alexandre Guilmant)<\/strong><\/p>\n\n\n\n<p>26th August \u2013 Conducting the Rochester Cathedral Voluntary Choir for Evensong at St. George&#8217;s Chapel, Windsor<\/p>\n\n\n\n<p>1st July \u2013 Accompanying the Thanet Festival Choir at Holy Trinity Church, Broadstairs<\/p>\n\n\n\n<p>21st June \u2013 Organ recital at Rochester Cathedral as part of the 2023 Organ Festival<br><strong>Suite du Deuxi\u00e8me Ton (Louis-Nicolas Cl\u00e9rambault)<br>Master Tallis&#8217;s Testament (Herbert Howells)<br>Symphonie Concertante (Joseph Jongen arr. John Scott Whiteley)<\/strong><\/p>\n\n\n\n<p>10th June \u2013 Accompanying the Rochester Choral Society at Rochester Cathedral<br><strong>St. Paul (Felix Mendelssohn)<\/strong><\/p>\n\n\n\n<p>27th May \u2013 Organ recital at St Mary of Charity, Faversham<br><strong>Imperial March (Elgar arr. Hesford)<br>Fantasia and Fugue in C minor BWV 537 (J. S. Bach)<br>Choral Song and Fugue (S. S. Wesley)<br>Master Tallis&#8217;s Testament (Herbert Howells)<br>Chanson de Matin (Elgar arr. Brewer)<br>Fantasia in F minor KV608 (W. A. Mozart)<br>Kenga e Krushqve (James MacMillan)<br>Toccata in D major (Marcel Lanquetuit)<\/strong><\/p>\n\n\n\n<p>17th May \u2013 Organ recital at Westminster Cathedral<br><strong>Allegro, molto moderato <em>from <\/em>Symphonie Concertante (Jongen arr. John Scott Whiteley)<br>Duo, Trio and Basse de Cromorne <em>from <\/em>Deuxi\u00e8me Suite du Ton (Cl\u00e9rambault)<br>Pr\u00e9lude et Fugue sur le nom d&#8217;ALAIN (Durufl\u00e9)<\/strong><\/p>\n\n\n\n<p>21st-23rd April<strong> <\/strong>\u2013 Rochester Choral Society tour to Wells and Glastonbury<\/p>\n\n\n\n<p>26th April \u2013 Organ recital at Sanderstead United Reformed Church, Croydon<br><strong>Sinfonia to Cantata Number 29 (J. S. Bach arr. Dupr\u00e9)<br>Larghetto in F-sharp minor (S. S. Wesley)<br>Choral Song and Fugue (S. S. Wesley)<br>Prelude and Fugue in D major BWV 532 (J. S. Bach)<br>Nimrod <em>from <\/em>Enigma Variations (Elgar arr. Harris)<br>Chanson de Matin (Elgar arr. Brewer)<br>Coronation March (Giacomo Meyerbeer)<br>Carnival (Thomas Hewitt Jones)<br>Toccata in D major (Marcel Lanquetuit)<\/strong><\/p>\n\n\n\n<p>18th March<strong> <\/strong>\u2013 Accompanying the Rochester Choral Society at Rochester Cathedral<br><strong>Four Coronation Anthems (G. F. Handel)<br>Regards from Rochester (Thomas Hewitt Jones)<\/strong><\/p>\n\n\n\n<p>15th January\u00a0\u2013 Organ recital at Westminster Abbey<br><strong>Cort\u00e8ge et Litanie (Marcel Dupr\u00e9)<br>Marche Fun\u00e8bre et Chant S\u00e9raphique (Alexandre Guilmant)<br>St. Alban\u2019s Triptych (Matthew Martin)<\/strong><\/p>\n","protected":false},"excerpt":{"rendered":"<p>2023 16th December \u2013 Rochester Cathedral Christmas concert 9th December \u2013 Rochester Choral Society Christmas Concert at St. Margaret&#8217;s, Rochester 8th December \u2013 Kent, Sussex&hellip;<\/p>\n","protected":false},"author":2,"featured_media":0,"parent":0,"menu_order":0,"comment_status":"closed","ping_status":"closed","template":"","meta":{"footnotes":""},"class_list":["post-1284","page","type-page","status-publish","hentry"],"_links":{"self":[{"href":"https:\/\/www.jeremy-lloyd.co.uk\/index.php\/wp-json\/wp\/v2\/pages\/1284"}],"collection":[{"href":"https:\/\/www.jeremy-lloyd.co.uk\/index.php\/wp-json\/wp\/v2\/pages"}],"about":[{"href":"https:\/\/www.jeremy-lloyd.co.uk\/index.php\/wp-json\/wp\/v2\/types\/page"}],"author":[{"embeddable":true,"href":"https:\/\/www.jeremy-lloyd.co.uk\/index.php\/wp-json\/wp\/v2\/users\/2"}],"replies":[{"embeddable":true,"href":"https:\/\/www.jeremy-lloyd.co.uk\/index.php\/wp-json\/wp\/v2\/comments?post=1284"}],"version-history":[{"count":18,"href":"https:\/\/www.jeremy-lloyd.co.uk\/index.php\/wp-json\/wp\/v2\/pages\/1284\/revisions"}],"predecessor-version":[{"id":1914,"href":"https:\/\/www.jeremy-lloyd.co.uk\/index.php\/wp-json\/wp\/v2\/pages\/1284\/revisions\/1914"}],"wp:attachment":[{"href":"https:\/\/www.jeremy-lloyd.co.uk\/index.php\/wp-json\/wp\/v2\/media?parent=1284"}],"curies":[{"name":"wp","href":"https:\/\/api.w.org\/{rel}","templated":true}]}}