{"id":1401,"date":"2024-01-30T12:42:23","date_gmt":"2024-01-30T12:42:23","guid":{"rendered":"https:\/\/www.jeremy-lloyd.co.uk\/?page_id=1401"},"modified":"2026-01-29T13:27:51","modified_gmt":"2026-01-29T13:27:51","slug":"past-events-3","status":"publish","type":"page","link":"https:\/\/www.jeremy-lloyd.co.uk\/index.php\/past-events-3\/","title":{"rendered":"Past events"},"content":{"rendered":"\n<h2 class=\"wp-block-heading\">2024<\/h2>\n\n\n\n<p>21st December \u2013 <em>Hark! The Herald<\/em> concert at Ely Cathedral<\/p>\n\n\n\n<p>14th December<strong> <\/strong>\u2013 Ely Choral Society Christmas concert at St. Mary&#8217;s Church, Ely<\/p>\n\n\n\n<p>6th December \u2013 <em>Festival of Carols <\/em>concert at Ely Cathedral<\/p>\n\n\n\n<p>4th December\u00a0\u2013 Christmas Concert for LiveTwice at St. Simon Zelotes, Chelsea<\/p>\n\n\n\n<p>25th November \u2013 Accompanying the choir of King&#8217;s School, Ely, for evensong at St. Paul&#8217;s Cathedral, London<\/p>\n\n\n\n<p>9th November \u2013 Accompanying the choirs of Peterborough Cathedral in their Remembrance Concert at St. John&#8217;s, Peterborough<br><strong>Requiem (Johannes Brahms)<\/strong><\/p>\n\n\n\n<p>26th October \u2013 Accompanying the Ely Choral Society at St. Mary&#8217;s Church, Ely<br><strong>Chichester Psalms (Leonard Bernstein)<br>Requiem (John Rutter)<\/strong><\/p>\n\n\n\n<p>7th October \u2013 Organ recital at St. Michael&#8217;s Cornhill, London<br><strong>Fanfare (John Cook)<br>Schm\u00fccke dich, o liebe Seele BWV 654 (J. S. Bach)<br>Symphony No. 1: i. Pr\u00e9lude ii. Allegretto iii. Intermezzo iv. Adagio vii. Finale (C. M. Widor)<br>Trois Improvisations (Nadia Boulanger)<br>Toccata in D major (Marcel Lanquetuit)<\/strong><\/p>\n\n\n\n<p>5th October \u2013 <em>Brass and Organ Spectacular <\/em>concert with Prime Brass in Ely Cathedral<\/p>\n\n\n\n<p>22nd June \u2013 Accompanying the Rochester Choral Society at St. George&#8217;s Maritime Centre, Chatham<br><strong>Requiem (Bob Chilcott)<br>The Gift of Life \u2013 Six Canticles of Creation (John Rutter)<\/strong><\/p>\n\n\n\n<p>5th-6th May \u2013 Lunchtime organ recitals at Rochester Cathedral as part of the Rochester Sweeps Festival<br><strong>Blues Toccata (Mons Ledvin Takle)<br>Variations &#8220;The Harmonious Blacksmith&#8221; (G. F. Handel)<br>Wachet auf, ruft uns die Stimme BWV645 (J. S. Bach)<br>Carnival (Thomas Hewitt Jones)<br>Impromptu No. 2 (Samuel Coleridge-Taylor)<br>Fantasia in F minor KV608 (W. A. Mozart)<br>Folk Tune (Percy Whitlock)<br>Coronation March (Giacomo Meyerbeer)<br>Rumba sur les Grands Jeux (Pierre Cholley)<\/strong><\/p>\n\n\n\n<p>27th April<strong> <\/strong>\u2013 Organ recital at Bloomsbury Central Baptist Church, London<br><strong>Allegro Vivace <em>from <\/em>Symphony No. 5 (C. M. Widor)<br>Allein Gott\u00a0in der H\u00f6h sei Ehr\u00a0BWV676 (J. S. Bach)<br>Marche fun\u00e8bre et chant\u00a0s\u00e9raphique (Alexandre Guilmant)<br>Three Impromptus Op. 78 (Samuel Coleridge-Taylor)<br>Folk Tune (Percy Whitlock)<br>Toccata in D major (Marcel Lanquetuit)<\/strong><\/p>\n\n\n\n<p>24th April<strong> <\/strong>\u2013 Organ recital at Rochester Cathedral as part of the 2024 Organ Festival<br><strong>Allegro Vivace <em>from <\/em>Symphony No. 5 (C. M. Widor)<br>Marche fun\u00e8bre et chant\u00a0s\u00e9raphique (Alexandre Guilmant)<br>Three Impromptus Op. 78 (Samuel Coleridge-Taylor)<br>Fantasia on Wie sch\u00f6n leucht&#8217;t uns der Morgenstern Op. 40 (Max Reger)<\/strong><\/p>\n\n\n\n<p>24th February \u2013 Performance of Bach&#8217;s St. Matthew Passion with the Rochester Choral Society at Rochester Cathedral<\/p>\n\n\n\n<p>21st January \u2013 Organ recital at St. Paul&#8217;s Cathedral<br><strong>In Dulci Jubilo BWV 729 (J. S. Bach)<br>La Nativit\u00e9\u00a0<em>from\u00a0<\/em>Po\u00e8mes \u00c9vangeliques (Jean Langlais)<br>Fantasia on Wie sch\u00f6n leucht&#8217;t uns der Morgenstern Op. 40 (Max Reger)<\/strong><\/p>\n","protected":false},"excerpt":{"rendered":"<p>2024 21st December \u2013 Hark! The Herald concert at Ely Cathedral 14th December \u2013 Ely Choral Society Christmas concert at St. Mary&#8217;s Church, Ely 6th&hellip;<\/p>\n","protected":false},"author":2,"featured_media":0,"parent":0,"menu_order":0,"comment_status":"closed","ping_status":"closed","template":"","meta":{"footnotes":""},"class_list":["post-1401","page","type-page","status-publish","hentry"],"_links":{"self":[{"href":"https:\/\/www.jeremy-lloyd.co.uk\/index.php\/wp-json\/wp\/v2\/pages\/1401"}],"collection":[{"href":"https:\/\/www.jeremy-lloyd.co.uk\/index.php\/wp-json\/wp\/v2\/pages"}],"about":[{"href":"https:\/\/www.jeremy-lloyd.co.uk\/index.php\/wp-json\/wp\/v2\/types\/page"}],"author":[{"embeddable":true,"href":"https:\/\/www.jeremy-lloyd.co.uk\/index.php\/wp-json\/wp\/v2\/users\/2"}],"replies":[{"embeddable":true,"href":"https:\/\/www.jeremy-lloyd.co.uk\/index.php\/wp-json\/wp\/v2\/comments?post=1401"}],"version-history":[{"count":19,"href":"https:\/\/www.jeremy-lloyd.co.uk\/index.php\/wp-json\/wp\/v2\/pages\/1401\/revisions"}],"predecessor-version":[{"id":1912,"href":"https:\/\/www.jeremy-lloyd.co.uk\/index.php\/wp-json\/wp\/v2\/pages\/1401\/revisions\/1912"}],"wp:attachment":[{"href":"https:\/\/www.jeremy-lloyd.co.uk\/index.php\/wp-json\/wp\/v2\/media?parent=1401"}],"curies":[{"name":"wp","href":"https:\/\/api.w.org\/{rel}","templated":true}]}}