{"id":1746,"date":"2025-05-28T11:23:10","date_gmt":"2025-05-28T11:23:10","guid":{"rendered":"https:\/\/www.jeremy-lloyd.co.uk\/?page_id=1746"},"modified":"2026-04-23T14:50:35","modified_gmt":"2026-04-23T14:50:35","slug":"2026-2","status":"publish","type":"page","link":"https:\/\/www.jeremy-lloyd.co.uk\/index.php\/2026-2\/","title":{"rendered":"2026"},"content":{"rendered":"\n<p>For future local and national concerts, see&nbsp;<a href=\"http:\/\/www.organrecitals.uk\/\" target=\"_blank\" rel=\"noreferrer noopener\">www.organrecitals.uk<\/a><\/p>\n\n\n\n<h2 class=\"wp-block-heading\">2026<\/h2>\n\n\n\n<p>12th May<strong>&nbsp;<\/strong>\u2013 Organ recital at King&#8217;s Lynn Minster (12:30, admission free)<br><strong>Fanfare (John Cook)<br>A Voluntary in  A (John Stanley)<br>Cantil\u00e8ne from Doux Pi\u00e8ces pour Orgue (Eug\u00e8ne&nbsp;Gigout)<br>Scherzo Op 2 (Maurice Durufl\u00e9)<br>Marche H\u00e9ro\u00efque (Herbert Brewer)<\/strong><\/p>\n\n\n\n<p>3rd-9th July&nbsp;\u2013 Ely Cathedral Boys Choir tour to Norway<\/p>\n\n\n\n<p>9th August<strong> <\/strong>\u2013 Organ recital at Ely Cathedral (17:15, admission free)<br><strong>Fantasia in F minor KV608 (W. A. Mozart)<br>Chorale No. 2 in B minor (C\u00e9sar Franck)<\/strong><br><strong>Scherzo (iii) from Symphony No. 2 (Louis Vierne)<br>Suite Op. 5 (Maurice Durufl\u00e9)<\/strong><\/p>\n\n\n\n<p>17th August<strong> <\/strong>\u2013 Organ recital at All Saints, Hastings<\/p>\n\n\n\n<p>25th September<strong> <\/strong>\u2013 Organ recital at St Stephen&#8217;s Walbrook, London (12:30, admission free)<\/p>\n\n\n\n<p>10th October<strong> <\/strong>\u2013 Organ recital at St Paul&#8217;s, Bedford (12pm. Admission free, suggested donation \u00a35)<\/p>\n\n\n\n<p><\/p>\n\n\n\n<p><\/p>\n","protected":false},"excerpt":{"rendered":"<p>For future local and national concerts, see&nbsp;www.organrecitals.uk 2026 12th May&nbsp;\u2013 Organ recital at King&#8217;s Lynn Minster (12:30, admission free)Fanfare (John Cook)A Voluntary in A (John&hellip;<\/p>\n","protected":false},"author":2,"featured_media":0,"parent":0,"menu_order":0,"comment_status":"closed","ping_status":"closed","template":"","meta":{"footnotes":""},"class_list":["post-1746","page","type-page","status-publish","hentry"],"_links":{"self":[{"href":"https:\/\/www.jeremy-lloyd.co.uk\/index.php\/wp-json\/wp\/v2\/pages\/1746"}],"collection":[{"href":"https:\/\/www.jeremy-lloyd.co.uk\/index.php\/wp-json\/wp\/v2\/pages"}],"about":[{"href":"https:\/\/www.jeremy-lloyd.co.uk\/index.php\/wp-json\/wp\/v2\/types\/page"}],"author":[{"embeddable":true,"href":"https:\/\/www.jeremy-lloyd.co.uk\/index.php\/wp-json\/wp\/v2\/users\/2"}],"replies":[{"embeddable":true,"href":"https:\/\/www.jeremy-lloyd.co.uk\/index.php\/wp-json\/wp\/v2\/comments?post=1746"}],"version-history":[{"count":25,"href":"https:\/\/www.jeremy-lloyd.co.uk\/index.php\/wp-json\/wp\/v2\/pages\/1746\/revisions"}],"predecessor-version":[{"id":1939,"href":"https:\/\/www.jeremy-lloyd.co.uk\/index.php\/wp-json\/wp\/v2\/pages\/1746\/revisions\/1939"}],"wp:attachment":[{"href":"https:\/\/www.jeremy-lloyd.co.uk\/index.php\/wp-json\/wp\/v2\/media?parent=1746"}],"curies":[{"name":"wp","href":"https:\/\/api.w.org\/{rel}","templated":true}]}}