{"id":67,"date":"2015-10-27T17:03:31","date_gmt":"2015-10-27T17:03:31","guid":{"rendered":"http:\/\/oliverbinns.co.uk\/jeremy\/?page_id=67"},"modified":"2026-01-29T13:32:59","modified_gmt":"2026-01-29T13:32:59","slug":"upcoming-events","status":"publish","type":"page","link":"https:\/\/www.jeremy-lloyd.co.uk\/index.php\/upcoming-events\/","title":{"rendered":"Past events"},"content":{"rendered":"<h2>2021<\/h2>\n<p>18th December\u00a0\u2013 Rochester Cathedral Christmas Concert<\/p>\n<p>20th November \u2013 Conducting the Rochester Choral Society at St. Stephen&#8217;s, Chatham<br data-rich-text-line-break=\"true\" \/><strong>Entrata Festiva for Organ, Brass and Timpani (Flor Peeters)<\/strong><br data-rich-text-line-break=\"true\" \/><strong>Mass for Choir, Brass and Organ (Joseph Jongen)<\/strong><br data-rich-text-line-break=\"true\" \/><strong>The Sprig of Thyme (John Rutter)<\/strong><\/p>\n<p>22nd September\u2013 Organ recital at St. Albans Cathedral<br data-rich-text-line-break=\"true\" \/><strong>Introduction et Allegro <em>from<\/em> Sonata No. 1 (Alexandre Guilmant)<\/strong><br data-rich-text-line-break=\"true\" \/><strong>Cantabile <em>from<\/em> Symphony No. 6 (C. M. Widor)<\/strong><br data-rich-text-line-break=\"true\" \/><strong>Matin Proven\u00e7al <em>from<\/em> Po\u00e8mes d\u2019Automne (Joseph Bonnet)<\/strong><br data-rich-text-line-break=\"true\" \/><strong>Deuxi\u00e8me Fantaisie (Jehan Alain)<\/strong><br data-rich-text-line-break=\"true\" \/><strong>Tu es Petra et port\u00e6 inferi non pr\u00e6valebunt adversus te (Henri Mulet)<\/strong><\/p>\n<p>11th August \u2013 Organ recital at Derby Cathedral<br data-rich-text-line-break=\"true\" \/><strong>Toccata, Adagio and Fugue in C BWV564 (J. S. Bach)<br data-rich-text-line-break=\"true\" \/>Pastorale (C\u00e9sar Franck)<\/strong><br data-rich-text-line-break=\"true\" \/><strong>March on a theme by Handel (Alexandre Guilmant)<\/strong><br data-rich-text-line-break=\"true\" \/><strong>Symphony No. 1 (Louis Vierne)<\/strong><\/p>\n<p>8th June \u2013 Organ recital at Exeter College, Oxford. A recording of this recital can be heard <a href=\"https:\/\/www.exetercollegechoir.co.uk\/8-6-2021\">here<\/a>.<br data-rich-text-line-break=\"true\" \/><strong>Nachspiel in D major (Felix Mendelssohn)<\/strong><br data-rich-text-line-break=\"true\" \/><strong>Allein Gott in der H\u00f6h&#8217; sei Ehr BWV676 (J. S. Bach)<\/strong><br data-rich-text-line-break=\"true\" \/><strong>Pastorale, \u00c9l\u00e9gie and \u00c9pipthalame <em>from<\/em> 24 Pi\u00e8ces en style libre (Louis Vierne)<\/strong><br data-rich-text-line-break=\"true\" \/><strong>Toccata in D minor (Albert Renaud)<\/strong><\/p>\n<p>8th February &#8211; Live streamed organ recital from Rochester Cathedral for St. Michael&#8217;s Cornhill, London. This can be viewed <a href=\"https:\/\/www.youtube.com\/watch?v=IuspW8j26Y0&amp;t=205s\" target=\"_blank\" rel=\"noopener\">here<\/a>.<em><br \/><\/em><strong>Toccata, Adagio and Fugue in C BWV564 (J. S. Bach)<\/strong><br \/><strong>La Nativit\u00e9 <em>from<\/em> Po\u00e8mes \u00c9vang\u00e9liques (Jean Langlais)<\/strong><br \/><strong>Pr\u00e9lude sur l&#8217;Introit de l&#8217;\u00c9piphanie (Maurice Durufl\u00e9)<\/strong><br \/><strong>Cantabile and Finale <em>from<\/em> Symphony No. 6 (C. M. Widor)<\/strong><\/p>\n\n\n<p><\/p>\n","protected":false},"excerpt":{"rendered":"<p>2021 18th December\u00a0\u2013 Rochester Cathedral Christmas Concert 20th November \u2013 Conducting the Rochester Choral Society at St. Stephen&#8217;s, ChathamEntrata Festiva for Organ, Brass and Timpani&hellip;<\/p>\n","protected":false},"author":2,"featured_media":0,"parent":0,"menu_order":3,"comment_status":"closed","ping_status":"closed","template":"","meta":{"footnotes":""},"class_list":["post-67","page","type-page","status-publish","hentry"],"_links":{"self":[{"href":"https:\/\/www.jeremy-lloyd.co.uk\/index.php\/wp-json\/wp\/v2\/pages\/67"}],"collection":[{"href":"https:\/\/www.jeremy-lloyd.co.uk\/index.php\/wp-json\/wp\/v2\/pages"}],"about":[{"href":"https:\/\/www.jeremy-lloyd.co.uk\/index.php\/wp-json\/wp\/v2\/types\/page"}],"author":[{"embeddable":true,"href":"https:\/\/www.jeremy-lloyd.co.uk\/index.php\/wp-json\/wp\/v2\/users\/2"}],"replies":[{"embeddable":true,"href":"https:\/\/www.jeremy-lloyd.co.uk\/index.php\/wp-json\/wp\/v2\/comments?post=67"}],"version-history":[{"count":197,"href":"https:\/\/www.jeremy-lloyd.co.uk\/index.php\/wp-json\/wp\/v2\/pages\/67\/revisions"}],"predecessor-version":[{"id":1917,"href":"https:\/\/www.jeremy-lloyd.co.uk\/index.php\/wp-json\/wp\/v2\/pages\/67\/revisions\/1917"}],"wp:attachment":[{"href":"https:\/\/www.jeremy-lloyd.co.uk\/index.php\/wp-json\/wp\/v2\/media?parent=67"}],"curies":[{"name":"wp","href":"https:\/\/api.w.org\/{rel}","templated":true}]}}