{"id":960,"date":"2021-02-12T10:14:18","date_gmt":"2021-02-12T10:14:18","guid":{"rendered":"https:\/\/www.jeremy-lloyd.co.uk\/?page_id=960"},"modified":"2026-03-29T09:05:27","modified_gmt":"2026-03-29T09:05:27","slug":"major-choral-works","status":"publish","type":"page","link":"https:\/\/www.jeremy-lloyd.co.uk\/index.php\/major-choral-works\/","title":{"rendered":"Major choral works"},"content":{"rendered":"\n<p><strong>Bach, J. S.<\/strong><br>Nun Komm der Heidan Heiland BWV 62<br>Jesu Meine Freude BWV 227<br>Mass in B minor BWV 232 (various movements)<br>St. Matthew Passion BWV 244<br>St. John Passion BWV 245<\/p>\n\n\n\n<p><strong>Bernstein, Leonard<\/strong> \u2013 Chichester Psalms<\/p>\n\n\n\n<p><strong>Brahms, Johannes<\/strong>&nbsp;\u2013 Requiem op. 45<\/p>\n\n\n\n<p><strong>Bruckner, Anton<\/strong> \u2013 Mass no.&nbsp;2 in E minor<\/p>\n\n\n\n<p><strong>Buxtehude, Dietrich<\/strong> \u2013 Das Neugeborne Kindelein BuxWV 13<\/p>\n\n\n\n<p><strong>Cherubini, Luigi<\/strong> \u2013 Requiem in C minor<\/p>\n\n\n\n<p><strong>Chilcott, Bob<\/strong> \u2013 Requiem<\/p>\n\n\n\n<p><strong>Couperin, Fran\u00e7ois<\/strong> \u2013 Troisi\u00e8me le\u00e7on de t\u00e9n\u00e8bres pour le mercredi saint<\/p>\n\n\n\n<p><strong>Durufl\u00e9, Maurice<\/strong> \u2013 Requiem op. 9<\/p>\n\n\n\n<p><strong>Handel, George Frideric<\/strong><br>Messiah<br>Four Coronation Anthems<\/p>\n\n\n\n<p><strong>Haydn, Joseph<\/strong><br>Sch\u00f6pfungsmesse (Creation Mass)<br>The Creation<\/p>\n\n\n\n<p><strong>Hewitt Jones, Thomas<\/strong> \u2013 Regards from Rochester<\/p>\n\n\n\n<p><strong>Faur\u00e9, Gabriel<\/strong> \u2013 Requiem op. 48<\/p>\n\n\n\n<p><strong>Jongen, Joseph<\/strong> \u2013 Messe en l&#8217;honneur de Saint-Sacrement op. 130<\/p>\n\n\n\n<p><strong>Lauridsen, Morten<\/strong> \u2013 Lux aeterna<\/p>\n\n\n\n<p><strong>Mendelssohn, Felix<\/strong><br>Paulus op. 36<br>Wer nun den lieben Gott l\u00e4sst&nbsp;walten<\/p>\n\n\n\n<p><strong>Maunder, John Henry<\/strong> \u2013 Olivet to Calvary<\/p>\n\n\n\n<p><strong>Mozart, Wolfgang Amadeus<\/strong> \u2013 Requiem K626<\/p>\n\n\n\n<p><strong>Rutter, John<\/strong><br>Magnificat<br>Requiem<br>The Gift of Life: Six Canticles of Creation<br>The Sprig of Thyme<\/p>\n\n\n\n<p><strong>Stainer, John<\/strong> \u2013 Crucifixion<\/p>\n\n\n\n<p><strong>Vivaldi, Antonio<\/strong> \u2013 Gloria<\/p>\n\n\n\n<p><strong>Vaughan-Williams, Ralph<\/strong><br>Fantasy on Christmas Carols<br>Toward the Unknown Region<br>Dona nobis pacem<\/p>\n\n\n\n<p><strong>Wheeler, Janet<\/strong> \u2013 Psalm 150<\/p>\n","protected":false},"excerpt":{"rendered":"<p>Bach, J. S.Nun Komm der Heidan Heiland BWV 62Jesu Meine Freude BWV 227Mass in B minor BWV 232 (various movements)St. Matthew Passion BWV 244St. John&hellip;<\/p>\n","protected":false},"author":2,"featured_media":0,"parent":0,"menu_order":0,"comment_status":"closed","ping_status":"closed","template":"","meta":{"footnotes":""},"class_list":["post-960","page","type-page","status-publish","hentry"],"_links":{"self":[{"href":"https:\/\/www.jeremy-lloyd.co.uk\/index.php\/wp-json\/wp\/v2\/pages\/960"}],"collection":[{"href":"https:\/\/www.jeremy-lloyd.co.uk\/index.php\/wp-json\/wp\/v2\/pages"}],"about":[{"href":"https:\/\/www.jeremy-lloyd.co.uk\/index.php\/wp-json\/wp\/v2\/types\/page"}],"author":[{"embeddable":true,"href":"https:\/\/www.jeremy-lloyd.co.uk\/index.php\/wp-json\/wp\/v2\/users\/2"}],"replies":[{"embeddable":true,"href":"https:\/\/www.jeremy-lloyd.co.uk\/index.php\/wp-json\/wp\/v2\/comments?post=960"}],"version-history":[{"count":15,"href":"https:\/\/www.jeremy-lloyd.co.uk\/index.php\/wp-json\/wp\/v2\/pages\/960\/revisions"}],"predecessor-version":[{"id":1936,"href":"https:\/\/www.jeremy-lloyd.co.uk\/index.php\/wp-json\/wp\/v2\/pages\/960\/revisions\/1936"}],"wp:attachment":[{"href":"https:\/\/www.jeremy-lloyd.co.uk\/index.php\/wp-json\/wp\/v2\/media?parent=960"}],"curies":[{"name":"wp","href":"https:\/\/api.w.org\/{rel}","templated":true}]}}